{"id":811,"date":"2024-01-10T12:24:28","date_gmt":"2024-01-10T11:24:28","guid":{"rendered":"https:\/\/scherzo-production.com\/?page_id=811"},"modified":"2024-01-10T12:32:48","modified_gmt":"2024-01-10T11:32:48","slug":"formations","status":"publish","type":"page","link":"https:\/\/scherzo-production.com\/index.php\/formations\/","title":{"rendered":"Formations"},"content":{"rendered":"\t\t<div data-elementor-type=\"wp-page\" data-elementor-id=\"811\" class=\"elementor elementor-811\">\n\t\t\t\t\t\t<section class=\"elementor-section elementor-top-section elementor-element elementor-element-1ff189c elementor-section-boxed elementor-section-height-default elementor-section-height-default\" data-id=\"1ff189c\" data-element_type=\"section\">\n\t\t\t\t\t\t<div class=\"elementor-container elementor-column-gap-default\">\n\t\t\t\t\t<div class=\"elementor-column elementor-col-100 elementor-top-column elementor-element elementor-element-ef8be73\" data-id=\"ef8be73\" data-element_type=\"column\">\n\t\t\t<div class=\"elementor-widget-wrap elementor-element-populated\">\n\t\t\t\t\t\t<div class=\"elementor-element elementor-element-e25bfe2 elementor-widget elementor-widget-spacer\" data-id=\"e25bfe2\" data-element_type=\"widget\" data-widget_type=\"spacer.default\">\n\t\t\t\t<div class=\"elementor-widget-container\">\n\t\t\t\t\t\t\t<div class=\"elementor-spacer\">\n\t\t\t<div class=\"elementor-spacer-inner\"><\/div>\n\t\t<\/div>\n\t\t\t\t\t\t<\/div>\n\t\t\t\t<\/div>\n\t\t\t\t<div class=\"elementor-element elementor-element-cbe446e elementor-widget elementor-widget-text-editor\" data-id=\"cbe446e\" data-element_type=\"widget\" data-widget_type=\"text-editor.default\">\n\t\t\t\t<div class=\"elementor-widget-container\">\n\t\t\t\t\t\t\t\t\t<p>Isabel Dacheux est formatrice pour les formations de la f\u00e9d\u00e9ration EIFEIL et propose depuis 2016 de nombreux workshops et formations avec de nombreuses possibilit\u00e9s de financement !<\/p><p>Retrouvez sur cette page toutes les informations relatives \u00e0 nos formations et workshops sur la page de\u00a0<a href=\"https:\/\/eifeil.com\/index.php\/formations\/\" target=\"_blank\" rel=\"noopener\">la f\u00e9d\u00e9ration EIFEIL<\/a>\u00a0!<\/p><p>Pour plus de renseignements et pour discuter ensemble de votre projet de formation, n\u2019h\u00e9sitez pas \u00e0 nous contacter :\u00a0contact@eifeil.fr\u00a0ou au 09 72 14 23 89 !<\/p>\t\t\t\t\t\t\t\t<\/div>\n\t\t\t\t<\/div>\n\t\t\t\t<div class=\"elementor-element elementor-element-dc4e5b0 elementor-widget elementor-widget-spacer\" data-id=\"dc4e5b0\" data-element_type=\"widget\" data-widget_type=\"spacer.default\">\n\t\t\t\t<div class=\"elementor-widget-container\">\n\t\t\t\t\t\t\t<div class=\"elementor-spacer\">\n\t\t\t<div class=\"elementor-spacer-inner\"><\/div>\n\t\t<\/div>\n\t\t\t\t\t\t<\/div>\n\t\t\t\t<\/div>\n\t\t\t\t<div class=\"elementor-element elementor-element-fc180d9 elementor-widget elementor-widget-heading\" data-id=\"fc180d9\" data-element_type=\"widget\" data-widget_type=\"heading.default\">\n\t\t\t\t<div class=\"elementor-widget-container\">\n\t\t\t\t\t<h2 class=\"elementor-heading-title elementor-size-default\">Les sessions de formation : <\/h2>\t\t\t\t<\/div>\n\t\t\t\t<\/div>\n\t\t\t\t<div class=\"elementor-element elementor-element-ee7b032 elementor-widget elementor-widget-spacer\" data-id=\"ee7b032\" data-element_type=\"widget\" data-widget_type=\"spacer.default\">\n\t\t\t\t<div class=\"elementor-widget-container\">\n\t\t\t\t\t\t\t<div class=\"elementor-spacer\">\n\t\t\t<div class=\"elementor-spacer-inner\"><\/div>\n\t\t<\/div>\n\t\t\t\t\t\t<\/div>\n\t\t\t\t<\/div>\n\t\t\t\t\t<\/div>\n\t\t<\/div>\n\t\t\t\t\t<\/div>\n\t\t<\/section>\n\t\t\t\t<section class=\"elementor-section elementor-top-section elementor-element elementor-element-a579b22 elementor-section-boxed elementor-section-height-default elementor-section-height-default\" data-id=\"a579b22\" data-element_type=\"section\">\n\t\t\t\t\t\t<div class=\"elementor-container elementor-column-gap-default\">\n\t\t\t\t\t<div class=\"elementor-column elementor-col-50 elementor-top-column elementor-element elementor-element-d94cb56\" data-id=\"d94cb56\" data-element_type=\"column\">\n\t\t\t<div class=\"elementor-widget-wrap elementor-element-populated\">\n\t\t\t\t\t\t<div class=\"elementor-element elementor-element-c0880c9 elementor-widget elementor-widget-heading\" data-id=\"c0880c9\" data-element_type=\"widget\" data-widget_type=\"heading.default\">\n\t\t\t\t<div class=\"elementor-widget-container\">\n\t\t\t\t\t<h2 class=\"elementor-heading-title elementor-size-default\">\u00c9diteur de musique<\/h2>\t\t\t\t<\/div>\n\t\t\t\t<\/div>\n\t\t\t\t<div class=\"elementor-element elementor-element-4d37180 elementor-widget elementor-widget-image\" data-id=\"4d37180\" data-element_type=\"widget\" data-widget_type=\"image.default\">\n\t\t\t\t<div class=\"elementor-widget-container\">\n\t\t\t\t\t\t\t\t\t\t\t\t\t\t\t<img decoding=\"async\" src=\"https:\/\/scherzo-production.com\/wp-content\/uploads\/2024\/01\/john-hult-xxgkYSD-ekE-unsplash-1-scaled.jpg\" title=\"john-hult-xxgkYSD-ekE-unsplash (1)\" alt=\"john-hult-xxgkYSD-ekE-unsplash (1)\" loading=\"lazy\" \/>\t\t\t\t\t\t\t\t\t\t\t\t\t\t\t<\/div>\n\t\t\t\t<\/div>\n\t\t\t\t<div class=\"elementor-element elementor-element-988b27d elementor-widget elementor-widget-spacer\" data-id=\"988b27d\" data-element_type=\"widget\" data-widget_type=\"spacer.default\">\n\t\t\t\t<div class=\"elementor-widget-container\">\n\t\t\t\t\t\t\t<div class=\"elementor-spacer\">\n\t\t\t<div class=\"elementor-spacer-inner\"><\/div>\n\t\t<\/div>\n\t\t\t\t\t\t<\/div>\n\t\t\t\t<\/div>\n\t\t\t\t<div class=\"elementor-element elementor-element-eeb3e58 elementor-widget elementor-widget-text-editor\" data-id=\"eeb3e58\" data-element_type=\"widget\" data-widget_type=\"text-editor.default\">\n\t\t\t\t<div class=\"elementor-widget-container\">\n\t\t\t\t\t\t\t\t\t<p><strong>Lieu ?\u00a0<\/strong>Pr\u00e9sentiel<\/p><p><strong>Combien de temps ?<\/strong>\u00a035 heures \u2013 5 jours\u00a0<\/p><p><strong>Pourquoi ?<\/strong> Acqu\u00e9rir des connaissances pratiques et op\u00e9rationnelles pour g\u00e9rer ses \u00e9ditions en trois points :\u00a0\u00a0\u00catre capable de cr\u00e9er sa structure d\u2019\u00e9dition,\u00a0Ma\u00eetriser les obligations l\u00e9gales du statut d\u2019\u00e9diteur\u00a0et\u00a0Mettre en \u0153uvre une strat\u00e9gie de d\u00e9veloppement de son catalogue.<\/p><p><strong>Quand ?\u00a0<\/strong><\/p><p>Session 1\u00a0: du 15 au 19 avril 2024<\/p><p>Session 2 : du 4 au 8 novembre 2024<\/p>\t\t\t\t\t\t\t\t<\/div>\n\t\t\t\t<\/div>\n\t\t\t\t\t<\/div>\n\t\t<\/div>\n\t\t\t\t<div class=\"elementor-column elementor-col-50 elementor-top-column elementor-element elementor-element-fbddd08\" data-id=\"fbddd08\" data-element_type=\"column\">\n\t\t\t<div class=\"elementor-widget-wrap elementor-element-populated\">\n\t\t\t\t\t\t<div class=\"elementor-element elementor-element-4dc3784 elementor-widget elementor-widget-heading\" data-id=\"4dc3784\" data-element_type=\"widget\" data-widget_type=\"heading.default\">\n\t\t\t\t<div class=\"elementor-widget-container\">\n\t\t\t\t\t<h2 class=\"elementor-heading-title elementor-size-default\">Les contrats dans la musique<\/h2>\t\t\t\t<\/div>\n\t\t\t\t<\/div>\n\t\t\t\t<div class=\"elementor-element elementor-element-62af6c8 elementor-widget elementor-widget-image\" data-id=\"62af6c8\" data-element_type=\"widget\" data-widget_type=\"image.default\">\n\t\t\t\t<div class=\"elementor-widget-container\">\n\t\t\t\t\t\t\t\t\t\t\t\t\t\t\t<img decoding=\"async\" src=\"https:\/\/scherzo-production.com\/wp-content\/uploads\/2024\/01\/romain-dancre-doplSDELX7E-unsplash-2-scaled.jpg\" title=\"romain-dancre-doplSDELX7E-unsplash (2)\" alt=\"romain-dancre-doplSDELX7E-unsplash (2)\" loading=\"lazy\" \/>\t\t\t\t\t\t\t\t\t\t\t\t\t\t\t<\/div>\n\t\t\t\t<\/div>\n\t\t\t\t<div class=\"elementor-element elementor-element-3e62581 elementor-widget elementor-widget-spacer\" data-id=\"3e62581\" data-element_type=\"widget\" data-widget_type=\"spacer.default\">\n\t\t\t\t<div class=\"elementor-widget-container\">\n\t\t\t\t\t\t\t<div class=\"elementor-spacer\">\n\t\t\t<div class=\"elementor-spacer-inner\"><\/div>\n\t\t<\/div>\n\t\t\t\t\t\t<\/div>\n\t\t\t\t<\/div>\n\t\t\t\t<div class=\"elementor-element elementor-element-0cf7063 elementor-widget elementor-widget-text-editor\" data-id=\"0cf7063\" data-element_type=\"widget\" data-widget_type=\"text-editor.default\">\n\t\t\t\t<div class=\"elementor-widget-container\">\n\t\t\t\t\t\t\t\t\t<p><strong>Lieu ?\u00a0<\/strong>Distanciel<\/p><p><strong>Combien de temps ?<\/strong>\u00a015 heures \u2013 3 jours\u00a0<\/p><p><strong>Pourquoi ?<\/strong> Acqu\u00e9rir des connaissances pratiques et op\u00e9rationnelles pour ma\u00eetriser l\u2019\u00e9cosyst\u00e8me de l\u2019\u00e9dition musicale et la production phonographique : les diff\u00e9rents acteurs, les diff\u00e9rentes sources de financement, les contrats, les salaires et r\u00e9mun\u00e9rations. \u00c0 l\u2019issue de la formation, le stagiaire saura g\u00e9rer ses projets sur les plans financiers, sociaux, juridiques et administratifs. Gr\u00e2ce \u00e0 des cas concrets et \u00e0 des travaux pratiques.<\/p><p><strong>Quand ?\u00a0<\/strong><\/p><p>Session 1\u00a0: du 3 au 5 avril 2024<\/p><p>Session : du 18 au 20 novembre 2024<\/p>\t\t\t\t\t\t\t\t<\/div>\n\t\t\t\t<\/div>\n\t\t\t\t\t<\/div>\n\t\t<\/div>\n\t\t\t\t\t<\/div>\n\t\t<\/section>\n\t\t\t\t<section class=\"elementor-section elementor-top-section elementor-element elementor-element-0211e86 elementor-section-boxed elementor-section-height-default elementor-section-height-default\" data-id=\"0211e86\" data-element_type=\"section\">\n\t\t\t\t\t\t<div class=\"elementor-container elementor-column-gap-default\">\n\t\t\t\t\t<div class=\"elementor-column elementor-col-50 elementor-top-column elementor-element elementor-element-264437d\" data-id=\"264437d\" data-element_type=\"column\">\n\t\t\t<div class=\"elementor-widget-wrap elementor-element-populated\">\n\t\t\t\t\t\t<div class=\"elementor-element elementor-element-bac42e2 elementor-widget elementor-widget-heading\" data-id=\"bac42e2\" data-element_type=\"widget\" data-widget_type=\"heading.default\">\n\t\t\t\t<div class=\"elementor-widget-container\">\n\t\t\t\t\t<h2 class=\"elementor-heading-title elementor-size-default\">Certification Qualiopi<\/h2>\t\t\t\t<\/div>\n\t\t\t\t<\/div>\n\t\t\t\t<div class=\"elementor-element elementor-element-5c37a18 elementor-widget elementor-widget-image\" data-id=\"5c37a18\" data-element_type=\"widget\" data-widget_type=\"image.default\">\n\t\t\t\t<div class=\"elementor-widget-container\">\n\t\t\t\t\t\t\t\t\t\t\t\t\t\t\t<img decoding=\"async\" width=\"300\" height=\"160\" src=\"https:\/\/scherzo-production.com\/wp-content\/uploads\/2024\/01\/LogoQualiopi-300dpi-Avec-Marianne-300x160-1.png\" class=\"attachment-medium_large size-medium_large wp-image-815\" alt=\"\" srcset=\"https:\/\/scherzo-production.com\/wp-content\/uploads\/2024\/01\/LogoQualiopi-300dpi-Avec-Marianne-300x160-1.png 300w, https:\/\/scherzo-production.com\/wp-content\/uploads\/2024\/01\/LogoQualiopi-300dpi-Avec-Marianne-300x160-1-230x123.png 230w\" sizes=\"(max-width: 300px) 100vw, 300px\" \/>\t\t\t\t\t\t\t\t\t\t\t\t\t\t\t<\/div>\n\t\t\t\t<\/div>\n\t\t\t\t<div class=\"elementor-element elementor-element-61b4623 elementor-widget elementor-widget-text-editor\" data-id=\"61b4623\" data-element_type=\"widget\" data-widget_type=\"text-editor.default\">\n\t\t\t\t<div class=\"elementor-widget-container\">\n\t\t\t\t\t\t\t\t\t<p>La certification QUALIOPI qualit\u00e9 a \u00e9t\u00e9 d\u00e9livr\u00e9e au titre de la cat\u00e9gorie d\u2019action suivante :\u00a0<strong>ACTIONS DE FORMATION,<\/strong>\u00a0par l\u2019organisme QUALIANOR CERTIFICATION pour l\u2019organisme : F\u00e9d\u00e9ration EIFEIL.<\/p>\t\t\t\t\t\t\t\t<\/div>\n\t\t\t\t<\/div>\n\t\t\t\t\t<\/div>\n\t\t<\/div>\n\t\t\t\t<div class=\"elementor-column elementor-col-50 elementor-top-column elementor-element elementor-element-71a98e6\" data-id=\"71a98e6\" data-element_type=\"column\">\n\t\t\t<div class=\"elementor-widget-wrap elementor-element-populated\">\n\t\t\t\t\t\t<div class=\"elementor-element elementor-element-529e428 elementor-widget elementor-widget-heading\" data-id=\"529e428\" data-element_type=\"widget\" data-widget_type=\"heading.default\">\n\t\t\t\t<div class=\"elementor-widget-container\">\n\t\t\t\t\t<h2 class=\"elementor-heading-title elementor-size-default\">Pr\u00e9-Requis<\/h2>\t\t\t\t<\/div>\n\t\t\t\t<\/div>\n\t\t\t\t<div class=\"elementor-element elementor-element-90bdefe elementor-widget elementor-widget-text-editor\" data-id=\"90bdefe\" data-element_type=\"widget\" data-widget_type=\"text-editor.default\">\n\t\t\t\t<div class=\"elementor-widget-container\">\n\t\t\t\t\t\t\t\t\t<p>Nos formations sont ouvertes \u00e0 tous, que vous ayez d\u00e9j\u00e0 une exp\u00e9rience dans la musique ou que vous souhaitiez changer compl\u00e8tement de m\u00e9tier. Nos formations ne n\u00e9cessitent donc pas de pr\u00e9-requis !<\/p>\t\t\t\t\t\t\t\t<\/div>\n\t\t\t\t<\/div>\n\t\t\t\t<div class=\"elementor-element elementor-element-23b4a49 elementor-widget elementor-widget-heading\" data-id=\"23b4a49\" data-element_type=\"widget\" data-widget_type=\"heading.default\">\n\t\t\t\t<div class=\"elementor-widget-container\">\n\t\t\t\t\t<h2 class=\"elementor-heading-title elementor-size-default\">Modalit\u00e9 p\u00e9dagogique et moyens d'\u00e9valuation\n<\/h2>\t\t\t\t<\/div>\n\t\t\t\t<\/div>\n\t\t\t\t<div class=\"elementor-element elementor-element-04cf626 elementor-widget elementor-widget-text-editor\" data-id=\"04cf626\" data-element_type=\"widget\" data-widget_type=\"text-editor.default\">\n\t\t\t\t<div class=\"elementor-widget-container\">\n\t\t\t\t\t\t\t\t\t<p><strong>Nos formations \u00e9tant pour le moment encore donn\u00e9es en distanciel, nous surveillons le bon suivi des formations en tenant pour feuille de pr\u00e9sence les statuts de connexion \u00e0 notre plateforme de visioconf\u00e9rence.<\/strong><\/p><p>Moyens permettant le suivi de l\u2019ex\u00e9cution de la formation\u00a0:<\/p><ul><li>Evaluation de l\u2019acquisition des comp\u00e9tences par QCM en fin de formation et via des exercices durant toute la dur\u00e9e de la session.<\/li><li>\u00c9valuation orale pour attester du niveau de connaissances acquis : mise en situation en fin de formation.<\/li><li>Evaluation qualitative de la formation \u00e0 chaud \u00e0 la fin de chaque journ\u00e9e de formation et questionnaire de satisfaction \u00e0 remplir.<\/li><li>(Sur demande) Remise d\u2019une attestation individuelle de formation \u00e0 chaque stagiaire ayant suivi la totalit\u00e9 de la formation et ayant r\u00e9alis\u00e9 l\u2019\u00e9valuation des acquis.<\/li><\/ul>\t\t\t\t\t\t\t\t<\/div>\n\t\t\t\t<\/div>\n\t\t\t\t\t<\/div>\n\t\t<\/div>\n\t\t\t\t\t<\/div>\n\t\t<\/section>\n\t\t\t\t<\/div>\n\t\t","protected":false},"excerpt":{"rendered":"<p>Isabel Dacheux est formatrice pour les formations de la f\u00e9d\u00e9ration EIFEIL et propose depuis 2016 de nombreux workshops et formations avec de [&hellip;]<\/p>\n","protected":false},"author":1,"featured_media":0,"parent":0,"menu_order":0,"comment_status":"closed","ping_status":"closed","template":"","meta":{"footnotes":""},"class_list":["post-811","page","type-page","status-publish","hentry"],"yoast_head":"<!-- This site is optimized with the Yoast SEO plugin v25.3.1 - https:\/\/yoast.com\/wordpress\/plugins\/seo\/ -->\n<title>Formations - Scherzo Production<\/title>\n<meta name=\"description\" content=\"Formations \u00e9dition musicale : Isabel Dacheux, g\u00e9rante de scherzo production, est formatrice pour les formations de la f\u00e9d\u00e9ration EIFEIL\" \/>\n<meta name=\"robots\" content=\"index, follow, max-snippet:-1, max-image-preview:large, max-video-preview:-1\" \/>\n<link rel=\"canonical\" href=\"https:\/\/scherzo-production.com\/index.php\/formations\/\" \/>\n<meta property=\"og:locale\" content=\"fr_FR\" \/>\n<meta property=\"og:type\" content=\"article\" \/>\n<meta property=\"og:title\" content=\"Formations - Scherzo Production\" \/>\n<meta property=\"og:description\" content=\"Formations \u00e9dition musicale : Isabel Dacheux, g\u00e9rante de scherzo production, est formatrice pour les formations de la f\u00e9d\u00e9ration EIFEIL\" \/>\n<meta property=\"og:url\" content=\"https:\/\/scherzo-production.com\/index.php\/formations\/\" \/>\n<meta property=\"og:site_name\" content=\"Scherzo Production\" \/>\n<meta property=\"article:modified_time\" content=\"2024-01-10T11:32:48+00:00\" \/>\n<meta property=\"og:image\" content=\"http:\/\/scherzo-production.com\/wp-content\/uploads\/2024\/01\/john-hult-xxgkYSD-ekE-unsplash-1-scaled.jpg\" \/>\n<meta name=\"twitter:card\" content=\"summary_large_image\" \/>\n<meta name=\"twitter:label1\" content=\"Dur\u00e9e de lecture estim\u00e9e\" \/>\n\t<meta name=\"twitter:data1\" content=\"3 minutes\" \/>\n<script type=\"application\/ld+json\" class=\"yoast-schema-graph\">{\"@context\":\"https:\/\/schema.org\",\"@graph\":[{\"@type\":\"WebPage\",\"@id\":\"https:\/\/scherzo-production.com\/index.php\/formations\/\",\"url\":\"https:\/\/scherzo-production.com\/index.php\/formations\/\",\"name\":\"Formations - Scherzo Production\",\"isPartOf\":{\"@id\":\"https:\/\/scherzo-production.com\/#website\"},\"primaryImageOfPage\":{\"@id\":\"https:\/\/scherzo-production.com\/index.php\/formations\/#primaryimage\"},\"image\":{\"@id\":\"https:\/\/scherzo-production.com\/index.php\/formations\/#primaryimage\"},\"thumbnailUrl\":\"http:\/\/scherzo-production.com\/wp-content\/uploads\/2024\/01\/john-hult-xxgkYSD-ekE-unsplash-1-scaled.jpg\",\"datePublished\":\"2024-01-10T11:24:28+00:00\",\"dateModified\":\"2024-01-10T11:32:48+00:00\",\"description\":\"Formations \u00e9dition musicale : Isabel Dacheux, g\u00e9rante de scherzo production, est formatrice pour les formations de la f\u00e9d\u00e9ration EIFEIL\",\"breadcrumb\":{\"@id\":\"https:\/\/scherzo-production.com\/index.php\/formations\/#breadcrumb\"},\"inLanguage\":\"fr-FR\",\"potentialAction\":[{\"@type\":\"ReadAction\",\"target\":[\"https:\/\/scherzo-production.com\/index.php\/formations\/\"]}]},{\"@type\":\"ImageObject\",\"inLanguage\":\"fr-FR\",\"@id\":\"https:\/\/scherzo-production.com\/index.php\/formations\/#primaryimage\",\"url\":\"http:\/\/scherzo-production.com\/wp-content\/uploads\/2024\/01\/john-hult-xxgkYSD-ekE-unsplash-1-scaled.jpg\",\"contentUrl\":\"http:\/\/scherzo-production.com\/wp-content\/uploads\/2024\/01\/john-hult-xxgkYSD-ekE-unsplash-1-scaled.jpg\"},{\"@type\":\"BreadcrumbList\",\"@id\":\"https:\/\/scherzo-production.com\/index.php\/formations\/#breadcrumb\",\"itemListElement\":[{\"@type\":\"ListItem\",\"position\":1,\"name\":\"Accueil\",\"item\":\"https:\/\/scherzo-production.com\/\"},{\"@type\":\"ListItem\",\"position\":2,\"name\":\"Formations\"}]},{\"@type\":\"WebSite\",\"@id\":\"https:\/\/scherzo-production.com\/#website\",\"url\":\"https:\/\/scherzo-production.com\/\",\"name\":\"Scherzo Production\",\"description\":\"Soci\u00e9t\u00e9 d&#039;\u00e9dition musicale\",\"potentialAction\":[{\"@type\":\"SearchAction\",\"target\":{\"@type\":\"EntryPoint\",\"urlTemplate\":\"https:\/\/scherzo-production.com\/?s={search_term_string}\"},\"query-input\":{\"@type\":\"PropertyValueSpecification\",\"valueRequired\":true,\"valueName\":\"search_term_string\"}}],\"inLanguage\":\"fr-FR\"}]}<\/script>\n<!-- \/ Yoast SEO plugin. -->","yoast_head_json":{"title":"Formations - Scherzo Production","description":"Formations \u00e9dition musicale : Isabel Dacheux, g\u00e9rante de scherzo production, est formatrice pour les formations de la f\u00e9d\u00e9ration EIFEIL","robots":{"index":"index","follow":"follow","max-snippet":"max-snippet:-1","max-image-preview":"max-image-preview:large","max-video-preview":"max-video-preview:-1"},"canonical":"https:\/\/scherzo-production.com\/index.php\/formations\/","og_locale":"fr_FR","og_type":"article","og_title":"Formations - Scherzo Production","og_description":"Formations \u00e9dition musicale : Isabel Dacheux, g\u00e9rante de scherzo production, est formatrice pour les formations de la f\u00e9d\u00e9ration EIFEIL","og_url":"https:\/\/scherzo-production.com\/index.php\/formations\/","og_site_name":"Scherzo Production","article_modified_time":"2024-01-10T11:32:48+00:00","og_image":[{"url":"http:\/\/scherzo-production.com\/wp-content\/uploads\/2024\/01\/john-hult-xxgkYSD-ekE-unsplash-1-scaled.jpg","type":"","width":"","height":""}],"twitter_card":"summary_large_image","twitter_misc":{"Dur\u00e9e de lecture estim\u00e9e":"3 minutes"},"schema":{"@context":"https:\/\/schema.org","@graph":[{"@type":"WebPage","@id":"https:\/\/scherzo-production.com\/index.php\/formations\/","url":"https:\/\/scherzo-production.com\/index.php\/formations\/","name":"Formations - Scherzo Production","isPartOf":{"@id":"https:\/\/scherzo-production.com\/#website"},"primaryImageOfPage":{"@id":"https:\/\/scherzo-production.com\/index.php\/formations\/#primaryimage"},"image":{"@id":"https:\/\/scherzo-production.com\/index.php\/formations\/#primaryimage"},"thumbnailUrl":"http:\/\/scherzo-production.com\/wp-content\/uploads\/2024\/01\/john-hult-xxgkYSD-ekE-unsplash-1-scaled.jpg","datePublished":"2024-01-10T11:24:28+00:00","dateModified":"2024-01-10T11:32:48+00:00","description":"Formations \u00e9dition musicale : Isabel Dacheux, g\u00e9rante de scherzo production, est formatrice pour les formations de la f\u00e9d\u00e9ration EIFEIL","breadcrumb":{"@id":"https:\/\/scherzo-production.com\/index.php\/formations\/#breadcrumb"},"inLanguage":"fr-FR","potentialAction":[{"@type":"ReadAction","target":["https:\/\/scherzo-production.com\/index.php\/formations\/"]}]},{"@type":"ImageObject","inLanguage":"fr-FR","@id":"https:\/\/scherzo-production.com\/index.php\/formations\/#primaryimage","url":"http:\/\/scherzo-production.com\/wp-content\/uploads\/2024\/01\/john-hult-xxgkYSD-ekE-unsplash-1-scaled.jpg","contentUrl":"http:\/\/scherzo-production.com\/wp-content\/uploads\/2024\/01\/john-hult-xxgkYSD-ekE-unsplash-1-scaled.jpg"},{"@type":"BreadcrumbList","@id":"https:\/\/scherzo-production.com\/index.php\/formations\/#breadcrumb","itemListElement":[{"@type":"ListItem","position":1,"name":"Accueil","item":"https:\/\/scherzo-production.com\/"},{"@type":"ListItem","position":2,"name":"Formations"}]},{"@type":"WebSite","@id":"https:\/\/scherzo-production.com\/#website","url":"https:\/\/scherzo-production.com\/","name":"Scherzo Production","description":"Soci\u00e9t\u00e9 d&#039;\u00e9dition musicale","potentialAction":[{"@type":"SearchAction","target":{"@type":"EntryPoint","urlTemplate":"https:\/\/scherzo-production.com\/?s={search_term_string}"},"query-input":{"@type":"PropertyValueSpecification","valueRequired":true,"valueName":"search_term_string"}}],"inLanguage":"fr-FR"}]}},"_links":{"self":[{"href":"https:\/\/scherzo-production.com\/index.php\/wp-json\/wp\/v2\/pages\/811","targetHints":{"allow":["GET"]}}],"collection":[{"href":"https:\/\/scherzo-production.com\/index.php\/wp-json\/wp\/v2\/pages"}],"about":[{"href":"https:\/\/scherzo-production.com\/index.php\/wp-json\/wp\/v2\/types\/page"}],"author":[{"embeddable":true,"href":"https:\/\/scherzo-production.com\/index.php\/wp-json\/wp\/v2\/users\/1"}],"replies":[{"embeddable":true,"href":"https:\/\/scherzo-production.com\/index.php\/wp-json\/wp\/v2\/comments?post=811"}],"version-history":[{"count":5,"href":"https:\/\/scherzo-production.com\/index.php\/wp-json\/wp\/v2\/pages\/811\/revisions"}],"predecessor-version":[{"id":820,"href":"https:\/\/scherzo-production.com\/index.php\/wp-json\/wp\/v2\/pages\/811\/revisions\/820"}],"wp:attachment":[{"href":"https:\/\/scherzo-production.com\/index.php\/wp-json\/wp\/v2\/media?parent=811"}],"curies":[{"name":"wp","href":"https:\/\/api.w.org\/{rel}","templated":true}]}}