{"id":519,"date":"2022-12-19T11:46:30","date_gmt":"2022-12-19T10:46:30","guid":{"rendered":"http:\/\/scherzo-production.com\/?page_id=519"},"modified":"2023-03-28T17:41:15","modified_gmt":"2023-03-28T15:41:15","slug":"julia-palombe","status":"publish","type":"page","link":"https:\/\/scherzo-production.com\/index.php\/julia-palombe\/","title":{"rendered":"Julia Palombe"},"content":{"rendered":"\t\t<div data-elementor-type=\"wp-page\" data-elementor-id=\"519\" class=\"elementor elementor-519\">\n\t\t\t\t\t\t<section class=\"elementor-section elementor-top-section elementor-element elementor-element-8c87a36 elementor-section-stretched elementor-section-boxed elementor-section-height-default elementor-section-height-default\" data-id=\"8c87a36\" data-element_type=\"section\" data-settings=\"{&quot;stretch_section&quot;:&quot;section-stretched&quot;}\">\n\t\t\t\t\t\t<div class=\"elementor-container elementor-column-gap-default\">\n\t\t\t\t\t<div class=\"elementor-column elementor-col-100 elementor-top-column elementor-element elementor-element-51042da\" data-id=\"51042da\" data-element_type=\"column\">\n\t\t\t<div class=\"elementor-widget-wrap elementor-element-populated\">\n\t\t\t\t\t\t<div class=\"elementor-element elementor-element-0b16b8d elementor-widget elementor-widget-spacer\" data-id=\"0b16b8d\" data-element_type=\"widget\" data-widget_type=\"spacer.default\">\n\t\t\t\t<div class=\"elementor-widget-container\">\n\t\t\t\t\t\t\t<div class=\"elementor-spacer\">\n\t\t\t<div class=\"elementor-spacer-inner\"><\/div>\n\t\t<\/div>\n\t\t\t\t\t\t<\/div>\n\t\t\t\t<\/div>\n\t\t\t\t\t<\/div>\n\t\t<\/div>\n\t\t\t\t\t<\/div>\n\t\t<\/section>\n\t\t\t\t<section class=\"elementor-section elementor-top-section elementor-element elementor-element-3967c8a elementor-section-stretched elementor-section-boxed elementor-section-height-default elementor-section-height-default\" data-id=\"3967c8a\" data-element_type=\"section\" data-settings=\"{&quot;stretch_section&quot;:&quot;section-stretched&quot;}\">\n\t\t\t\t\t\t<div class=\"elementor-container elementor-column-gap-default\">\n\t\t\t\t\t<div class=\"elementor-column elementor-col-100 elementor-top-column elementor-element elementor-element-699bd2b\" data-id=\"699bd2b\" data-element_type=\"column\">\n\t\t\t<div class=\"elementor-widget-wrap elementor-element-populated\">\n\t\t\t\t\t\t<div class=\"elementor-element elementor-element-4eedda3 elementor-widget elementor-widget-heading\" data-id=\"4eedda3\" data-element_type=\"widget\" data-widget_type=\"heading.default\">\n\t\t\t\t<div class=\"elementor-widget-container\">\n\t\t\t\t\t<h2 class=\"elementor-heading-title elementor-size-default\"><p>La Nouvelle Eve<\/p><\/h2>\t\t\t\t<\/div>\n\t\t\t\t<\/div>\n\t\t\t\t\t<\/div>\n\t\t<\/div>\n\t\t\t\t\t<\/div>\n\t\t<\/section>\n\t\t\t\t<section class=\"elementor-section elementor-top-section elementor-element elementor-element-94a24fa elementor-section-boxed elementor-section-height-default elementor-section-height-default\" data-id=\"94a24fa\" data-element_type=\"section\">\n\t\t\t\t\t\t<div class=\"elementor-container elementor-column-gap-default\">\n\t\t\t\t\t<div class=\"elementor-column elementor-col-100 elementor-top-column elementor-element elementor-element-c4b2e69\" data-id=\"c4b2e69\" data-element_type=\"column\">\n\t\t\t<div class=\"elementor-widget-wrap elementor-element-populated\">\n\t\t\t\t\t\t<div class=\"elementor-element elementor-element-e070a8c elementor-widget elementor-widget-image\" data-id=\"e070a8c\" data-element_type=\"widget\" data-widget_type=\"image.default\">\n\t\t\t\t<div class=\"elementor-widget-container\">\n\t\t\t\t\t\t\t\t\t\t\t\t\t\t\t<img fetchpriority=\"high\" decoding=\"async\" width=\"640\" height=\"640\" src=\"https:\/\/scherzo-production.com\/wp-content\/uploads\/2023\/03\/ab67616d0000b27394d38ca7a2f2fe72fbe895c0.jpeg\" class=\"attachment-medium_large size-medium_large wp-image-763\" alt=\"Julia Palombe la nouvelle eve\" srcset=\"https:\/\/scherzo-production.com\/wp-content\/uploads\/2023\/03\/ab67616d0000b27394d38ca7a2f2fe72fbe895c0.jpeg 640w, https:\/\/scherzo-production.com\/wp-content\/uploads\/2023\/03\/ab67616d0000b27394d38ca7a2f2fe72fbe895c0-300x300.jpeg 300w, https:\/\/scherzo-production.com\/wp-content\/uploads\/2023\/03\/ab67616d0000b27394d38ca7a2f2fe72fbe895c0-150x150.jpeg 150w, https:\/\/scherzo-production.com\/wp-content\/uploads\/2023\/03\/ab67616d0000b27394d38ca7a2f2fe72fbe895c0-230x230.jpeg 230w, https:\/\/scherzo-production.com\/wp-content\/uploads\/2023\/03\/ab67616d0000b27394d38ca7a2f2fe72fbe895c0-350x350.jpeg 350w, https:\/\/scherzo-production.com\/wp-content\/uploads\/2023\/03\/ab67616d0000b27394d38ca7a2f2fe72fbe895c0-480x480.jpeg 480w\" sizes=\"(max-width: 640px) 100vw, 640px\" \/>\t\t\t\t\t\t\t\t\t\t\t\t\t\t\t<\/div>\n\t\t\t\t<\/div>\n\t\t\t\t\t<\/div>\n\t\t<\/div>\n\t\t\t\t\t<\/div>\n\t\t<\/section>\n\t\t\t\t<section class=\"elementor-section elementor-top-section elementor-element elementor-element-b7dc6c3 elementor-section-stretched elementor-section-boxed elementor-section-height-default elementor-section-height-default\" data-id=\"b7dc6c3\" data-element_type=\"section\" data-settings=\"{&quot;stretch_section&quot;:&quot;section-stretched&quot;}\">\n\t\t\t\t\t\t<div class=\"elementor-container elementor-column-gap-default\">\n\t\t\t\t\t<div class=\"elementor-column elementor-col-100 elementor-top-column elementor-element elementor-element-f3422f4\" data-id=\"f3422f4\" data-element_type=\"column\">\n\t\t\t<div class=\"elementor-widget-wrap elementor-element-populated\">\n\t\t\t\t\t\t<div class=\"elementor-element elementor-element-e1925aa elementor-widget elementor-widget-spacer\" data-id=\"e1925aa\" data-element_type=\"widget\" data-widget_type=\"spacer.default\">\n\t\t\t\t<div class=\"elementor-widget-container\">\n\t\t\t\t\t\t\t<div class=\"elementor-spacer\">\n\t\t\t<div class=\"elementor-spacer-inner\"><\/div>\n\t\t<\/div>\n\t\t\t\t\t\t<\/div>\n\t\t\t\t<\/div>\n\t\t\t\t<div class=\"elementor-element elementor-element-4018656 elementor-widget elementor-widget-text-editor\" data-id=\"4018656\" data-element_type=\"widget\" data-widget_type=\"text-editor.default\">\n\t\t\t\t<div class=\"elementor-widget-container\">\n\t\t\t\t\t\t\t\t\t<p><strong>Date<\/strong><b> de sortie : 2017<\/b><\/p>\t\t\t\t\t\t\t\t<\/div>\n\t\t\t\t<\/div>\n\t\t\t\t\t<\/div>\n\t\t<\/div>\n\t\t\t\t\t<\/div>\n\t\t<\/section>\n\t\t\t\t<section class=\"elementor-section elementor-top-section elementor-element elementor-element-685fe40 elementor-section-stretched elementor-section-boxed elementor-section-height-default elementor-section-height-default\" data-id=\"685fe40\" data-element_type=\"section\" data-settings=\"{&quot;stretch_section&quot;:&quot;section-stretched&quot;}\">\n\t\t\t\t\t\t<div class=\"elementor-container elementor-column-gap-default\">\n\t\t\t\t\t<div class=\"elementor-column elementor-col-100 elementor-top-column elementor-element elementor-element-cb53dff\" data-id=\"cb53dff\" data-element_type=\"column\">\n\t\t\t<div class=\"elementor-widget-wrap elementor-element-populated\">\n\t\t\t\t\t\t<div class=\"elementor-element elementor-element-3719904 elementor-widget elementor-widget-text-editor\" data-id=\"3719904\" data-element_type=\"widget\" data-widget_type=\"text-editor.default\">\n\t\t\t\t<div class=\"elementor-widget-container\">\n\t\t\t\t\t\t\t\t\t<p>Julia Palombe d\u00e9veloppe son univers sous forme de chansons, de livres, de pi\u00e8ces chor\u00e9graphiques ou th\u00e9\u00e2trales. Artiste flamboyante \u00e0 la plume diabolique !\u00a0<\/p><p><strong><br \/>Auteure :<\/strong>\u00a0<a href=\"https:\/\/www.billetreduc.com\/spectacle-julia-palombe.htm\">Julia Palombe<\/a>\u00a0<\/p>\t\t\t\t\t\t\t\t<\/div>\n\t\t\t\t<\/div>\n\t\t\t\t<div class=\"elementor-element elementor-element-024ae4b elementor-widget elementor-widget-spacer\" data-id=\"024ae4b\" data-element_type=\"widget\" data-widget_type=\"spacer.default\">\n\t\t\t\t<div class=\"elementor-widget-container\">\n\t\t\t\t\t\t\t<div class=\"elementor-spacer\">\n\t\t\t<div class=\"elementor-spacer-inner\"><\/div>\n\t\t<\/div>\n\t\t\t\t\t\t<\/div>\n\t\t\t\t<\/div>\n\t\t\t\t\t<\/div>\n\t\t<\/div>\n\t\t\t\t\t<\/div>\n\t\t<\/section>\n\t\t\t\t<section class=\"elementor-section elementor-top-section elementor-element elementor-element-230f69a elementor-section-boxed elementor-section-height-default elementor-section-height-default\" data-id=\"230f69a\" data-element_type=\"section\">\n\t\t\t\t\t\t<div class=\"elementor-container elementor-column-gap-default\">\n\t\t\t\t\t<div class=\"elementor-column elementor-col-100 elementor-top-column elementor-element elementor-element-ac72561\" data-id=\"ac72561\" data-element_type=\"column\">\n\t\t\t<div class=\"elementor-widget-wrap elementor-element-populated\">\n\t\t\t\t\t\t<div class=\"elementor-element elementor-element-c6c7411 elementor-widget elementor-widget-shortcode\" data-id=\"c6c7411\" data-element_type=\"widget\" data-widget_type=\"shortcode.default\">\n\t\t\t\t<div class=\"elementor-widget-container\">\n\t\t\t\t\t\t\t<div class=\"elementor-shortcode\"><iframe style=\"border-radius:12px\" src=\"https:\/\/open.spotify.com\/embed\/album\/494S4629O3fQMwF2IE6wjZ?utm_source=generator\" width=\"100%\" height=\"380\" frameBorder=\"0\" allowfullscreen=\"\" allow=\"autoplay; clipboard-write; encrypted-media; fullscreen; picture-in-picture\" loading=\"lazy\"><\/iframe><\/div>\n\t\t\t\t\t\t<\/div>\n\t\t\t\t<\/div>\n\t\t\t\t\t<\/div>\n\t\t<\/div>\n\t\t\t\t\t<\/div>\n\t\t<\/section>\n\t\t\t\t<\/div>\n\t\t","protected":false},"excerpt":{"rendered":"<p>La Nouvelle Eve Date de sortie : 2017 Julia Palombe d\u00e9veloppe son univers sous forme de chansons, de livres, de pi\u00e8ces chor\u00e9graphiques [&hellip;]<\/p>\n","protected":false},"author":1,"featured_media":0,"parent":0,"menu_order":0,"comment_status":"closed","ping_status":"closed","template":"","meta":{"footnotes":""},"class_list":["post-519","page","type-page","status-publish","hentry"],"yoast_head":"<!-- This site is optimized with the Yoast SEO plugin v25.3.1 - https:\/\/yoast.com\/wordpress\/plugins\/seo\/ -->\n<title>Julia Palombe - Scherzo Production<\/title>\n<meta name=\"description\" content=\"Julia Palombe artiste chez Scherzo production, soci\u00e9t\u00e9 d&#039;\u00e9dition, de production de musique enregistr\u00e9e et de spectacles vivants fond\u00e9e en 1994.\" \/>\n<meta name=\"robots\" content=\"index, follow, max-snippet:-1, max-image-preview:large, max-video-preview:-1\" \/>\n<link rel=\"canonical\" href=\"https:\/\/scherzo-production.com\/index.php\/julia-palombe\/\" \/>\n<meta property=\"og:locale\" content=\"fr_FR\" \/>\n<meta property=\"og:type\" content=\"article\" \/>\n<meta property=\"og:title\" content=\"Julia Palombe - Scherzo Production\" \/>\n<meta property=\"og:description\" content=\"Julia Palombe artiste chez Scherzo production, soci\u00e9t\u00e9 d&#039;\u00e9dition, de production de musique enregistr\u00e9e et de spectacles vivants fond\u00e9e en 1994.\" \/>\n<meta property=\"og:url\" content=\"https:\/\/scherzo-production.com\/index.php\/julia-palombe\/\" \/>\n<meta property=\"og:site_name\" content=\"Scherzo Production\" \/>\n<meta property=\"article:modified_time\" content=\"2023-03-28T15:41:15+00:00\" \/>\n<meta property=\"og:image\" content=\"http:\/\/scherzo-production.com\/wp-content\/uploads\/2023\/03\/ab67616d0000b27394d38ca7a2f2fe72fbe895c0.jpeg\" \/>\n<meta name=\"twitter:card\" content=\"summary_large_image\" \/>\n<meta name=\"twitter:label1\" content=\"Dur\u00e9e de lecture estim\u00e9e\" \/>\n\t<meta name=\"twitter:data1\" content=\"1 minute\" \/>\n<script type=\"application\/ld+json\" class=\"yoast-schema-graph\">{\"@context\":\"https:\/\/schema.org\",\"@graph\":[{\"@type\":\"WebPage\",\"@id\":\"https:\/\/scherzo-production.com\/index.php\/julia-palombe\/\",\"url\":\"https:\/\/scherzo-production.com\/index.php\/julia-palombe\/\",\"name\":\"Julia Palombe - Scherzo Production\",\"isPartOf\":{\"@id\":\"https:\/\/scherzo-production.com\/#website\"},\"primaryImageOfPage\":{\"@id\":\"https:\/\/scherzo-production.com\/index.php\/julia-palombe\/#primaryimage\"},\"image\":{\"@id\":\"https:\/\/scherzo-production.com\/index.php\/julia-palombe\/#primaryimage\"},\"thumbnailUrl\":\"http:\/\/scherzo-production.com\/wp-content\/uploads\/2023\/03\/ab67616d0000b27394d38ca7a2f2fe72fbe895c0.jpeg\",\"datePublished\":\"2022-12-19T10:46:30+00:00\",\"dateModified\":\"2023-03-28T15:41:15+00:00\",\"description\":\"Julia Palombe artiste chez Scherzo production, soci\u00e9t\u00e9 d'\u00e9dition, de production de musique enregistr\u00e9e et de spectacles vivants fond\u00e9e en 1994.\",\"breadcrumb\":{\"@id\":\"https:\/\/scherzo-production.com\/index.php\/julia-palombe\/#breadcrumb\"},\"inLanguage\":\"fr-FR\",\"potentialAction\":[{\"@type\":\"ReadAction\",\"target\":[\"https:\/\/scherzo-production.com\/index.php\/julia-palombe\/\"]}]},{\"@type\":\"ImageObject\",\"inLanguage\":\"fr-FR\",\"@id\":\"https:\/\/scherzo-production.com\/index.php\/julia-palombe\/#primaryimage\",\"url\":\"https:\/\/scherzo-production.com\/wp-content\/uploads\/2023\/03\/ab67616d0000b27394d38ca7a2f2fe72fbe895c0.jpeg\",\"contentUrl\":\"https:\/\/scherzo-production.com\/wp-content\/uploads\/2023\/03\/ab67616d0000b27394d38ca7a2f2fe72fbe895c0.jpeg\",\"width\":640,\"height\":640,\"caption\":\"Julia Palombe la nouvelle eve\"},{\"@type\":\"BreadcrumbList\",\"@id\":\"https:\/\/scherzo-production.com\/index.php\/julia-palombe\/#breadcrumb\",\"itemListElement\":[{\"@type\":\"ListItem\",\"position\":1,\"name\":\"Accueil\",\"item\":\"https:\/\/scherzo-production.com\/\"},{\"@type\":\"ListItem\",\"position\":2,\"name\":\"Julia Palombe\"}]},{\"@type\":\"WebSite\",\"@id\":\"https:\/\/scherzo-production.com\/#website\",\"url\":\"https:\/\/scherzo-production.com\/\",\"name\":\"Scherzo Production\",\"description\":\"Soci\u00e9t\u00e9 d&#039;\u00e9dition musicale\",\"potentialAction\":[{\"@type\":\"SearchAction\",\"target\":{\"@type\":\"EntryPoint\",\"urlTemplate\":\"https:\/\/scherzo-production.com\/?s={search_term_string}\"},\"query-input\":{\"@type\":\"PropertyValueSpecification\",\"valueRequired\":true,\"valueName\":\"search_term_string\"}}],\"inLanguage\":\"fr-FR\"}]}<\/script>\n<!-- \/ Yoast SEO plugin. -->","yoast_head_json":{"title":"Julia Palombe - Scherzo Production","description":"Julia Palombe artiste chez Scherzo production, soci\u00e9t\u00e9 d'\u00e9dition, de production de musique enregistr\u00e9e et de spectacles vivants fond\u00e9e en 1994.","robots":{"index":"index","follow":"follow","max-snippet":"max-snippet:-1","max-image-preview":"max-image-preview:large","max-video-preview":"max-video-preview:-1"},"canonical":"https:\/\/scherzo-production.com\/index.php\/julia-palombe\/","og_locale":"fr_FR","og_type":"article","og_title":"Julia Palombe - Scherzo Production","og_description":"Julia Palombe artiste chez Scherzo production, soci\u00e9t\u00e9 d'\u00e9dition, de production de musique enregistr\u00e9e et de spectacles vivants fond\u00e9e en 1994.","og_url":"https:\/\/scherzo-production.com\/index.php\/julia-palombe\/","og_site_name":"Scherzo Production","article_modified_time":"2023-03-28T15:41:15+00:00","og_image":[{"url":"http:\/\/scherzo-production.com\/wp-content\/uploads\/2023\/03\/ab67616d0000b27394d38ca7a2f2fe72fbe895c0.jpeg","type":"","width":"","height":""}],"twitter_card":"summary_large_image","twitter_misc":{"Dur\u00e9e de lecture estim\u00e9e":"1 minute"},"schema":{"@context":"https:\/\/schema.org","@graph":[{"@type":"WebPage","@id":"https:\/\/scherzo-production.com\/index.php\/julia-palombe\/","url":"https:\/\/scherzo-production.com\/index.php\/julia-palombe\/","name":"Julia Palombe - Scherzo Production","isPartOf":{"@id":"https:\/\/scherzo-production.com\/#website"},"primaryImageOfPage":{"@id":"https:\/\/scherzo-production.com\/index.php\/julia-palombe\/#primaryimage"},"image":{"@id":"https:\/\/scherzo-production.com\/index.php\/julia-palombe\/#primaryimage"},"thumbnailUrl":"http:\/\/scherzo-production.com\/wp-content\/uploads\/2023\/03\/ab67616d0000b27394d38ca7a2f2fe72fbe895c0.jpeg","datePublished":"2022-12-19T10:46:30+00:00","dateModified":"2023-03-28T15:41:15+00:00","description":"Julia Palombe artiste chez Scherzo production, soci\u00e9t\u00e9 d'\u00e9dition, de production de musique enregistr\u00e9e et de spectacles vivants fond\u00e9e en 1994.","breadcrumb":{"@id":"https:\/\/scherzo-production.com\/index.php\/julia-palombe\/#breadcrumb"},"inLanguage":"fr-FR","potentialAction":[{"@type":"ReadAction","target":["https:\/\/scherzo-production.com\/index.php\/julia-palombe\/"]}]},{"@type":"ImageObject","inLanguage":"fr-FR","@id":"https:\/\/scherzo-production.com\/index.php\/julia-palombe\/#primaryimage","url":"https:\/\/scherzo-production.com\/wp-content\/uploads\/2023\/03\/ab67616d0000b27394d38ca7a2f2fe72fbe895c0.jpeg","contentUrl":"https:\/\/scherzo-production.com\/wp-content\/uploads\/2023\/03\/ab67616d0000b27394d38ca7a2f2fe72fbe895c0.jpeg","width":640,"height":640,"caption":"Julia Palombe la nouvelle eve"},{"@type":"BreadcrumbList","@id":"https:\/\/scherzo-production.com\/index.php\/julia-palombe\/#breadcrumb","itemListElement":[{"@type":"ListItem","position":1,"name":"Accueil","item":"https:\/\/scherzo-production.com\/"},{"@type":"ListItem","position":2,"name":"Julia Palombe"}]},{"@type":"WebSite","@id":"https:\/\/scherzo-production.com\/#website","url":"https:\/\/scherzo-production.com\/","name":"Scherzo Production","description":"Soci\u00e9t\u00e9 d&#039;\u00e9dition musicale","potentialAction":[{"@type":"SearchAction","target":{"@type":"EntryPoint","urlTemplate":"https:\/\/scherzo-production.com\/?s={search_term_string}"},"query-input":{"@type":"PropertyValueSpecification","valueRequired":true,"valueName":"search_term_string"}}],"inLanguage":"fr-FR"}]}},"_links":{"self":[{"href":"https:\/\/scherzo-production.com\/index.php\/wp-json\/wp\/v2\/pages\/519","targetHints":{"allow":["GET"]}}],"collection":[{"href":"https:\/\/scherzo-production.com\/index.php\/wp-json\/wp\/v2\/pages"}],"about":[{"href":"https:\/\/scherzo-production.com\/index.php\/wp-json\/wp\/v2\/types\/page"}],"author":[{"embeddable":true,"href":"https:\/\/scherzo-production.com\/index.php\/wp-json\/wp\/v2\/users\/1"}],"replies":[{"embeddable":true,"href":"https:\/\/scherzo-production.com\/index.php\/wp-json\/wp\/v2\/comments?post=519"}],"version-history":[{"count":29,"href":"https:\/\/scherzo-production.com\/index.php\/wp-json\/wp\/v2\/pages\/519\/revisions"}],"predecessor-version":[{"id":778,"href":"https:\/\/scherzo-production.com\/index.php\/wp-json\/wp\/v2\/pages\/519\/revisions\/778"}],"wp:attachment":[{"href":"https:\/\/scherzo-production.com\/index.php\/wp-json\/wp\/v2\/media?parent=519"}],"curies":[{"name":"wp","href":"https:\/\/api.w.org\/{rel}","templated":true}]}}