{"id":368,"date":"2022-12-14T15:35:58","date_gmt":"2022-12-14T14:35:58","guid":{"rendered":"http:\/\/scherzo-production.com\/di13089-ovh\/?page_id=368"},"modified":"2022-12-20T13:07:21","modified_gmt":"2022-12-20T12:07:21","slug":"contact","status":"publish","type":"page","link":"https:\/\/scherzo-production.com\/index.php\/contact\/","title":{"rendered":"Contact"},"content":{"rendered":"\t\t<div data-elementor-type=\"wp-page\" data-elementor-id=\"368\" class=\"elementor elementor-368\">\n\t\t\t\t\t\t<section class=\"elementor-section elementor-top-section elementor-element elementor-element-4e159bc elementor-section-stretched elementor-section-boxed elementor-section-height-default elementor-section-height-default\" data-id=\"4e159bc\" data-element_type=\"section\" data-settings=\"{&quot;stretch_section&quot;:&quot;section-stretched&quot;}\">\n\t\t\t\t\t\t<div class=\"elementor-container elementor-column-gap-default\">\n\t\t\t\t\t<div class=\"elementor-column elementor-col-100 elementor-top-column elementor-element elementor-element-0e8dc98\" data-id=\"0e8dc98\" data-element_type=\"column\">\n\t\t\t<div class=\"elementor-widget-wrap elementor-element-populated\">\n\t\t\t\t\t\t<div class=\"elementor-element elementor-element-5f90941 elementor-widget elementor-widget-spacer\" data-id=\"5f90941\" data-element_type=\"widget\" data-widget_type=\"spacer.default\">\n\t\t\t\t<div class=\"elementor-widget-container\">\n\t\t\t\t\t\t\t<div class=\"elementor-spacer\">\n\t\t\t<div class=\"elementor-spacer-inner\"><\/div>\n\t\t<\/div>\n\t\t\t\t\t\t<\/div>\n\t\t\t\t<\/div>\n\t\t\t\t\t<\/div>\n\t\t<\/div>\n\t\t\t\t\t<\/div>\n\t\t<\/section>\n\t\t\t\t<section class=\"elementor-section elementor-top-section elementor-element elementor-element-66e872e elementor-section-stretched elementor-section-boxed elementor-section-height-default elementor-section-height-default\" data-id=\"66e872e\" data-element_type=\"section\" data-settings=\"{&quot;stretch_section&quot;:&quot;section-stretched&quot;}\">\n\t\t\t\t\t\t<div class=\"elementor-container elementor-column-gap-default\">\n\t\t\t\t\t<div class=\"elementor-column elementor-col-50 elementor-top-column elementor-element elementor-element-1074f07\" data-id=\"1074f07\" data-element_type=\"column\">\n\t\t\t<div class=\"elementor-widget-wrap elementor-element-populated\">\n\t\t\t\t\t\t<div class=\"elementor-element elementor-element-9418eb9 elementor-widget elementor-widget-spacer\" data-id=\"9418eb9\" data-element_type=\"widget\" data-widget_type=\"spacer.default\">\n\t\t\t\t<div class=\"elementor-widget-container\">\n\t\t\t\t\t\t\t<div class=\"elementor-spacer\">\n\t\t\t<div class=\"elementor-spacer-inner\"><\/div>\n\t\t<\/div>\n\t\t\t\t\t\t<\/div>\n\t\t\t\t<\/div>\n\t\t\t\t<div class=\"elementor-element elementor-element-e5c4367 elementor-widget elementor-widget-text-editor\" data-id=\"e5c4367\" data-element_type=\"widget\" data-widget_type=\"text-editor.default\">\n\t\t\t\t<div class=\"elementor-widget-container\">\n\t\t\t\t\t\t\t\t\t<h4><strong>SCHERZO PRODUCTION<\/strong><\/h4><p>19 Avenue de l&rsquo;Italie 75013 Paris<\/p><p>Mail : contact@sherzoproduction.com<\/p>\t\t\t\t\t\t\t\t<\/div>\n\t\t\t\t<\/div>\n\t\t\t\t\t<\/div>\n\t\t<\/div>\n\t\t\t\t<div class=\"elementor-column elementor-col-50 elementor-top-column elementor-element elementor-element-be56fab\" data-id=\"be56fab\" data-element_type=\"column\">\n\t\t\t<div class=\"elementor-widget-wrap elementor-element-populated\">\n\t\t\t\t\t\t<div class=\"elementor-element elementor-element-7786792 elementor-widget elementor-widget-google_maps\" data-id=\"7786792\" data-element_type=\"widget\" data-widget_type=\"google_maps.default\">\n\t\t\t\t<div class=\"elementor-widget-container\">\n\t\t\t\t\t\t\t<div class=\"elementor-custom-embed\">\n\t\t\t<iframe loading=\"lazy\"\n\t\t\t\t\tsrc=\"https:\/\/maps.google.com\/maps?q=19%20avenue%20d%27Italie&#038;t=m&#038;z=13&#038;output=embed&#038;iwloc=near\"\n\t\t\t\t\ttitle=\"19 avenue d&#039;Italie\"\n\t\t\t\t\taria-label=\"19 avenue d&#039;Italie\"\n\t\t\t><\/iframe>\n\t\t<\/div>\n\t\t\t\t\t\t<\/div>\n\t\t\t\t<\/div>\n\t\t\t\t\t<\/div>\n\t\t<\/div>\n\t\t\t\t\t<\/div>\n\t\t<\/section>\n\t\t\t\t<\/div>\n\t\t","protected":false},"excerpt":{"rendered":"<p>SCHERZO PRODUCTION 19 Avenue de l&rsquo;Italie 75013 Paris Mail : contact@sherzoproduction.com<\/p>\n","protected":false},"author":1,"featured_media":0,"parent":0,"menu_order":0,"comment_status":"closed","ping_status":"closed","template":"","meta":{"footnotes":""},"class_list":["post-368","page","type-page","status-publish","hentry"],"yoast_head":"<!-- This site is optimized with the Yoast SEO plugin v25.3.1 - https:\/\/yoast.com\/wordpress\/plugins\/seo\/ -->\n<title>Contact - Scherzo Production<\/title>\n<meta name=\"description\" content=\"Contact Scherzo production, soci\u00e9t\u00e9 d&#039;\u00e9dition, de production de musique enregistr\u00e9e et de spectacles vivants fond\u00e9e en 1994.\" \/>\n<meta name=\"robots\" content=\"index, follow, max-snippet:-1, max-image-preview:large, max-video-preview:-1\" \/>\n<link rel=\"canonical\" href=\"https:\/\/scherzo-production.com\/index.php\/contact\/\" \/>\n<meta property=\"og:locale\" content=\"fr_FR\" \/>\n<meta property=\"og:type\" content=\"article\" \/>\n<meta property=\"og:title\" content=\"Contact - Scherzo Production\" \/>\n<meta property=\"og:description\" content=\"Contact Scherzo production, soci\u00e9t\u00e9 d&#039;\u00e9dition, de production de musique enregistr\u00e9e et de spectacles vivants fond\u00e9e en 1994.\" \/>\n<meta property=\"og:url\" content=\"https:\/\/scherzo-production.com\/index.php\/contact\/\" \/>\n<meta property=\"og:site_name\" content=\"Scherzo Production\" \/>\n<meta property=\"article:modified_time\" content=\"2022-12-20T12:07:21+00:00\" \/>\n<meta name=\"twitter:card\" content=\"summary_large_image\" \/>\n<meta name=\"twitter:label1\" content=\"Dur\u00e9e de lecture estim\u00e9e\" \/>\n\t<meta name=\"twitter:data1\" content=\"1 minute\" \/>\n<script type=\"application\/ld+json\" class=\"yoast-schema-graph\">{\"@context\":\"https:\/\/schema.org\",\"@graph\":[{\"@type\":\"WebPage\",\"@id\":\"https:\/\/scherzo-production.com\/index.php\/contact\/\",\"url\":\"https:\/\/scherzo-production.com\/index.php\/contact\/\",\"name\":\"Contact - Scherzo Production\",\"isPartOf\":{\"@id\":\"https:\/\/scherzo-production.com\/#website\"},\"datePublished\":\"2022-12-14T14:35:58+00:00\",\"dateModified\":\"2022-12-20T12:07:21+00:00\",\"description\":\"Contact Scherzo production, soci\u00e9t\u00e9 d'\u00e9dition, de production de musique enregistr\u00e9e et de spectacles vivants fond\u00e9e en 1994.\",\"breadcrumb\":{\"@id\":\"https:\/\/scherzo-production.com\/index.php\/contact\/#breadcrumb\"},\"inLanguage\":\"fr-FR\",\"potentialAction\":[{\"@type\":\"ReadAction\",\"target\":[\"https:\/\/scherzo-production.com\/index.php\/contact\/\"]}]},{\"@type\":\"BreadcrumbList\",\"@id\":\"https:\/\/scherzo-production.com\/index.php\/contact\/#breadcrumb\",\"itemListElement\":[{\"@type\":\"ListItem\",\"position\":1,\"name\":\"Accueil\",\"item\":\"https:\/\/scherzo-production.com\/\"},{\"@type\":\"ListItem\",\"position\":2,\"name\":\"Contact\"}]},{\"@type\":\"WebSite\",\"@id\":\"https:\/\/scherzo-production.com\/#website\",\"url\":\"https:\/\/scherzo-production.com\/\",\"name\":\"Scherzo Production\",\"description\":\"Soci\u00e9t\u00e9 d&#039;\u00e9dition musicale\",\"potentialAction\":[{\"@type\":\"SearchAction\",\"target\":{\"@type\":\"EntryPoint\",\"urlTemplate\":\"https:\/\/scherzo-production.com\/?s={search_term_string}\"},\"query-input\":{\"@type\":\"PropertyValueSpecification\",\"valueRequired\":true,\"valueName\":\"search_term_string\"}}],\"inLanguage\":\"fr-FR\"}]}<\/script>\n<!-- \/ Yoast SEO plugin. -->","yoast_head_json":{"title":"Contact - Scherzo Production","description":"Contact Scherzo production, soci\u00e9t\u00e9 d'\u00e9dition, de production de musique enregistr\u00e9e et de spectacles vivants fond\u00e9e en 1994.","robots":{"index":"index","follow":"follow","max-snippet":"max-snippet:-1","max-image-preview":"max-image-preview:large","max-video-preview":"max-video-preview:-1"},"canonical":"https:\/\/scherzo-production.com\/index.php\/contact\/","og_locale":"fr_FR","og_type":"article","og_title":"Contact - Scherzo Production","og_description":"Contact Scherzo production, soci\u00e9t\u00e9 d'\u00e9dition, de production de musique enregistr\u00e9e et de spectacles vivants fond\u00e9e en 1994.","og_url":"https:\/\/scherzo-production.com\/index.php\/contact\/","og_site_name":"Scherzo Production","article_modified_time":"2022-12-20T12:07:21+00:00","twitter_card":"summary_large_image","twitter_misc":{"Dur\u00e9e de lecture estim\u00e9e":"1 minute"},"schema":{"@context":"https:\/\/schema.org","@graph":[{"@type":"WebPage","@id":"https:\/\/scherzo-production.com\/index.php\/contact\/","url":"https:\/\/scherzo-production.com\/index.php\/contact\/","name":"Contact - Scherzo Production","isPartOf":{"@id":"https:\/\/scherzo-production.com\/#website"},"datePublished":"2022-12-14T14:35:58+00:00","dateModified":"2022-12-20T12:07:21+00:00","description":"Contact Scherzo production, soci\u00e9t\u00e9 d'\u00e9dition, de production de musique enregistr\u00e9e et de spectacles vivants fond\u00e9e en 1994.","breadcrumb":{"@id":"https:\/\/scherzo-production.com\/index.php\/contact\/#breadcrumb"},"inLanguage":"fr-FR","potentialAction":[{"@type":"ReadAction","target":["https:\/\/scherzo-production.com\/index.php\/contact\/"]}]},{"@type":"BreadcrumbList","@id":"https:\/\/scherzo-production.com\/index.php\/contact\/#breadcrumb","itemListElement":[{"@type":"ListItem","position":1,"name":"Accueil","item":"https:\/\/scherzo-production.com\/"},{"@type":"ListItem","position":2,"name":"Contact"}]},{"@type":"WebSite","@id":"https:\/\/scherzo-production.com\/#website","url":"https:\/\/scherzo-production.com\/","name":"Scherzo Production","description":"Soci\u00e9t\u00e9 d&#039;\u00e9dition musicale","potentialAction":[{"@type":"SearchAction","target":{"@type":"EntryPoint","urlTemplate":"https:\/\/scherzo-production.com\/?s={search_term_string}"},"query-input":{"@type":"PropertyValueSpecification","valueRequired":true,"valueName":"search_term_string"}}],"inLanguage":"fr-FR"}]}},"_links":{"self":[{"href":"https:\/\/scherzo-production.com\/index.php\/wp-json\/wp\/v2\/pages\/368","targetHints":{"allow":["GET"]}}],"collection":[{"href":"https:\/\/scherzo-production.com\/index.php\/wp-json\/wp\/v2\/pages"}],"about":[{"href":"https:\/\/scherzo-production.com\/index.php\/wp-json\/wp\/v2\/types\/page"}],"author":[{"embeddable":true,"href":"https:\/\/scherzo-production.com\/index.php\/wp-json\/wp\/v2\/users\/1"}],"replies":[{"embeddable":true,"href":"https:\/\/scherzo-production.com\/index.php\/wp-json\/wp\/v2\/comments?post=368"}],"version-history":[{"count":11,"href":"https:\/\/scherzo-production.com\/index.php\/wp-json\/wp\/v2\/pages\/368\/revisions"}],"predecessor-version":[{"id":554,"href":"https:\/\/scherzo-production.com\/index.php\/wp-json\/wp\/v2\/pages\/368\/revisions\/554"}],"wp:attachment":[{"href":"https:\/\/scherzo-production.com\/index.php\/wp-json\/wp\/v2\/media?parent=368"}],"curies":[{"name":"wp","href":"https:\/\/api.w.org\/{rel}","templated":true}]}}