{"id":255,"date":"2022-12-13T15:08:53","date_gmt":"2022-12-13T14:08:53","guid":{"rendered":"http:\/\/scherzo-production.com\/di13089-ovh\/?page_id=255"},"modified":"2023-03-28T17:36:08","modified_gmt":"2023-03-28T15:36:08","slug":"ltd","status":"publish","type":"page","link":"https:\/\/scherzo-production.com\/index.php\/ltd\/","title":{"rendered":"LTD"},"content":{"rendered":"\t\t<div data-elementor-type=\"wp-page\" data-elementor-id=\"255\" class=\"elementor elementor-255\">\n\t\t\t\t\t\t<section class=\"elementor-section elementor-top-section elementor-element elementor-element-78bcb27 elementor-section-boxed elementor-section-height-default elementor-section-height-default\" data-id=\"78bcb27\" data-element_type=\"section\">\n\t\t\t\t\t\t<div class=\"elementor-container elementor-column-gap-default\">\n\t\t\t\t\t<div class=\"elementor-column elementor-col-100 elementor-top-column elementor-element elementor-element-95a259b\" data-id=\"95a259b\" data-element_type=\"column\">\n\t\t\t<div class=\"elementor-widget-wrap elementor-element-populated\">\n\t\t\t\t\t\t<div class=\"elementor-element elementor-element-f52a34f elementor-widget elementor-widget-spacer\" data-id=\"f52a34f\" data-element_type=\"widget\" data-widget_type=\"spacer.default\">\n\t\t\t\t<div class=\"elementor-widget-container\">\n\t\t\t\t\t\t\t<div class=\"elementor-spacer\">\n\t\t\t<div class=\"elementor-spacer-inner\"><\/div>\n\t\t<\/div>\n\t\t\t\t\t\t<\/div>\n\t\t\t\t<\/div>\n\t\t\t\t\t<\/div>\n\t\t<\/div>\n\t\t\t\t\t<\/div>\n\t\t<\/section>\n\t\t\t\t<section class=\"elementor-section elementor-top-section elementor-element elementor-element-ad8000a elementor-section-boxed elementor-section-height-default elementor-section-height-default\" data-id=\"ad8000a\" data-element_type=\"section\" data-settings=\"{&quot;background_background&quot;:&quot;classic&quot;}\">\n\t\t\t\t\t\t<div class=\"elementor-container elementor-column-gap-default\">\n\t\t\t\t\t<div class=\"elementor-column elementor-col-100 elementor-top-column elementor-element elementor-element-ab8f6a3\" data-id=\"ab8f6a3\" data-element_type=\"column\">\n\t\t\t<div class=\"elementor-widget-wrap elementor-element-populated\">\n\t\t\t\t\t\t<div class=\"elementor-element elementor-element-70c5370 elementor-widget elementor-widget-spacer\" data-id=\"70c5370\" data-element_type=\"widget\" data-widget_type=\"spacer.default\">\n\t\t\t\t<div class=\"elementor-widget-container\">\n\t\t\t\t\t\t\t<div class=\"elementor-spacer\">\n\t\t\t<div class=\"elementor-spacer-inner\"><\/div>\n\t\t<\/div>\n\t\t\t\t\t\t<\/div>\n\t\t\t\t<\/div>\n\t\t\t\t\t<\/div>\n\t\t<\/div>\n\t\t\t\t\t<\/div>\n\t\t<\/section>\n\t\t\t\t<section class=\"elementor-section elementor-top-section elementor-element elementor-element-f73bbf6 elementor-section-stretched elementor-section-boxed elementor-section-height-default elementor-section-height-default\" data-id=\"f73bbf6\" data-element_type=\"section\" data-settings=\"{&quot;stretch_section&quot;:&quot;section-stretched&quot;}\">\n\t\t\t\t\t\t<div class=\"elementor-container elementor-column-gap-default\">\n\t\t\t\t\t<div class=\"elementor-column elementor-col-100 elementor-top-column elementor-element elementor-element-0967d87\" data-id=\"0967d87\" data-element_type=\"column\">\n\t\t\t<div class=\"elementor-widget-wrap elementor-element-populated\">\n\t\t\t\t\t\t<div class=\"elementor-element elementor-element-962d1f6 elementor-widget elementor-widget-spacer\" data-id=\"962d1f6\" data-element_type=\"widget\" data-widget_type=\"spacer.default\">\n\t\t\t\t<div class=\"elementor-widget-container\">\n\t\t\t\t\t\t\t<div class=\"elementor-spacer\">\n\t\t\t<div class=\"elementor-spacer-inner\"><\/div>\n\t\t<\/div>\n\t\t\t\t\t\t<\/div>\n\t\t\t\t<\/div>\n\t\t\t\t<div class=\"elementor-element elementor-element-fbe0152 elementor-widget elementor-widget-text-editor\" data-id=\"fbe0152\" data-element_type=\"widget\" data-widget_type=\"text-editor.default\">\n\t\t\t\t<div class=\"elementor-widget-container\">\n\t\t\t\t\t\t\t\t\t<p>DJ Fran\u00e7ais bas\u00e9s sur un style, Deep\/House, French Touch, Electro\/Techno.<\/p>\t\t\t\t\t\t\t\t<\/div>\n\t\t\t\t<\/div>\n\t\t\t\t<div class=\"elementor-element elementor-element-f1c62af elementor-align-center elementor-widget elementor-widget-button\" data-id=\"f1c62af\" data-element_type=\"widget\" data-widget_type=\"button.default\">\n\t\t\t\t<div class=\"elementor-widget-container\">\n\t\t\t\t\t\t\t\t\t<div class=\"elementor-button-wrapper\">\n\t\t\t\t\t<a class=\"elementor-button elementor-button-link elementor-size-lg\" href=\"https:\/\/on.soundcloud.com\/VQTpb\" target=\"_blank\">\n\t\t\t\t\t\t<span class=\"elementor-button-content-wrapper\">\n\t\t\t\t\t\t\t\t\t<span class=\"elementor-button-text\">\u00c9couter LTD<\/span>\n\t\t\t\t\t<\/span>\n\t\t\t\t\t<\/a>\n\t\t\t\t<\/div>\n\t\t\t\t\t\t\t\t<\/div>\n\t\t\t\t<\/div>\n\t\t\t\t<div class=\"elementor-element elementor-element-7dca453 elementor-widget elementor-widget-spacer\" data-id=\"7dca453\" data-element_type=\"widget\" data-widget_type=\"spacer.default\">\n\t\t\t\t<div class=\"elementor-widget-container\">\n\t\t\t\t\t\t\t<div class=\"elementor-spacer\">\n\t\t\t<div class=\"elementor-spacer-inner\"><\/div>\n\t\t<\/div>\n\t\t\t\t\t\t<\/div>\n\t\t\t\t<\/div>\n\t\t\t\t<div class=\"elementor-element elementor-element-b3d6d13 elementor-widget elementor-widget-video\" data-id=\"b3d6d13\" data-element_type=\"widget\" data-settings=\"{&quot;video_type&quot;:&quot;vimeo&quot;}\" data-widget_type=\"video.default\">\n\t\t\t\t<div class=\"elementor-widget-container\">\n\t\t\t\t\t\t\t<div class=\"elementor-wrapper elementor-open-inline\">\n\t\t\t<iframe class=\"elementor-video-iframe\" allowfullscreen allow=\"clipboard-write\" title=\"Lecteur vid\u00e9o vimeo\" src=\"https:\/\/player.vimeo.com\/video\/311859158?color&amp;autopause=0&amp;loop=0&amp;muted=0&amp;title=1&amp;portrait=1&amp;byline=1#t=\"><\/iframe>\t\t<\/div>\n\t\t\t\t\t\t<\/div>\n\t\t\t\t<\/div>\n\t\t\t\t\t<\/div>\n\t\t<\/div>\n\t\t\t\t\t<\/div>\n\t\t<\/section>\n\t\t\t\t<section class=\"elementor-section elementor-top-section elementor-element elementor-element-c8bf69c elementor-section-stretched elementor-section-boxed elementor-section-height-default elementor-section-height-default\" data-id=\"c8bf69c\" data-element_type=\"section\" data-settings=\"{&quot;stretch_section&quot;:&quot;section-stretched&quot;}\">\n\t\t\t\t\t\t<div class=\"elementor-container elementor-column-gap-default\">\n\t\t\t\t\t<div class=\"elementor-column elementor-col-100 elementor-top-column elementor-element elementor-element-7ab0da7\" data-id=\"7ab0da7\" data-element_type=\"column\">\n\t\t\t<div class=\"elementor-widget-wrap elementor-element-populated\">\n\t\t\t\t\t\t<div class=\"elementor-element elementor-element-4769971 elementor-widget elementor-widget-text-editor\" data-id=\"4769971\" data-element_type=\"widget\" data-widget_type=\"text-editor.default\">\n\t\t\t\t<div class=\"elementor-widget-container\">\n\t\t\t\t\t\t\t\t\t<p><a href=\"https:\/\/vimeo.com\/311859158\">LTD live at SOLIDAYS<\/a>\u00a0from\u00a0<a href=\"https:\/\/vimeo.com\/user29865773\">F\u00e9d\u00e9ration Eifeil<\/a>\u00a0on\u00a0<a href=\"https:\/\/vimeo.com\/\">Vimeo<\/a>.<\/p><p>Retour en images sur le live de LTD \u00e0 SOLIDAYS en juin 2017<br \/>Vid\u00e9o par : Mr Fox Film<\/p>\t\t\t\t\t\t\t\t<\/div>\n\t\t\t\t<\/div>\n\t\t\t\t\t<\/div>\n\t\t<\/div>\n\t\t\t\t\t<\/div>\n\t\t<\/section>\n\t\t\t\t<section class=\"elementor-section elementor-top-section elementor-element elementor-element-15596b4 elementor-section-boxed elementor-section-height-default elementor-section-height-default\" data-id=\"15596b4\" data-element_type=\"section\" data-settings=\"{&quot;background_background&quot;:&quot;classic&quot;}\">\n\t\t\t\t\t\t<div class=\"elementor-container elementor-column-gap-default\">\n\t\t\t\t\t<div class=\"elementor-column elementor-col-100 elementor-top-column elementor-element elementor-element-67f329e\" data-id=\"67f329e\" data-element_type=\"column\">\n\t\t\t<div class=\"elementor-widget-wrap elementor-element-populated\">\n\t\t\t\t\t\t<div class=\"elementor-element elementor-element-e48533a elementor-widget elementor-widget-spacer\" data-id=\"e48533a\" data-element_type=\"widget\" data-widget_type=\"spacer.default\">\n\t\t\t\t<div class=\"elementor-widget-container\">\n\t\t\t\t\t\t\t<div class=\"elementor-spacer\">\n\t\t\t<div class=\"elementor-spacer-inner\"><\/div>\n\t\t<\/div>\n\t\t\t\t\t\t<\/div>\n\t\t\t\t<\/div>\n\t\t\t\t<div class=\"elementor-element elementor-element-ec6c2a9 elementor-widget elementor-widget-image\" data-id=\"ec6c2a9\" data-element_type=\"widget\" data-widget_type=\"image.default\">\n\t\t\t\t<div class=\"elementor-widget-container\">\n\t\t\t\t\t\t\t\t\t\t\t\t\t\t\t<img fetchpriority=\"high\" decoding=\"async\" width=\"768\" height=\"512\" src=\"https:\/\/scherzo-production.com\/wp-content\/uploads\/2023\/03\/38392286_1980589335313996_7729942600148320256_n-768x512.jpeg\" class=\"attachment-medium_large size-medium_large wp-image-722\" alt=\"LTD\" srcset=\"https:\/\/scherzo-production.com\/wp-content\/uploads\/2023\/03\/38392286_1980589335313996_7729942600148320256_n-768x512.jpeg 768w, https:\/\/scherzo-production.com\/wp-content\/uploads\/2023\/03\/38392286_1980589335313996_7729942600148320256_n-300x200.jpeg 300w, https:\/\/scherzo-production.com\/wp-content\/uploads\/2023\/03\/38392286_1980589335313996_7729942600148320256_n-1024x682.jpeg 1024w, https:\/\/scherzo-production.com\/wp-content\/uploads\/2023\/03\/38392286_1980589335313996_7729942600148320256_n-1000x666.jpeg 1000w, https:\/\/scherzo-production.com\/wp-content\/uploads\/2023\/03\/38392286_1980589335313996_7729942600148320256_n-230x153.jpeg 230w, https:\/\/scherzo-production.com\/wp-content\/uploads\/2023\/03\/38392286_1980589335313996_7729942600148320256_n-350x233.jpeg 350w, https:\/\/scherzo-production.com\/wp-content\/uploads\/2023\/03\/38392286_1980589335313996_7729942600148320256_n-480x320.jpeg 480w, https:\/\/scherzo-production.com\/wp-content\/uploads\/2023\/03\/38392286_1980589335313996_7729942600148320256_n.jpeg 1280w\" sizes=\"(max-width: 768px) 100vw, 768px\" \/>\t\t\t\t\t\t\t\t\t\t\t\t\t\t\t<\/div>\n\t\t\t\t<\/div>\n\t\t\t\t\t<\/div>\n\t\t<\/div>\n\t\t\t\t\t<\/div>\n\t\t<\/section>\n\t\t\t\t<\/div>\n\t\t","protected":false},"excerpt":{"rendered":"<p>DJ Fran\u00e7ais bas\u00e9s sur un style, Deep\/House, French Touch, Electro\/Techno. \u00c9couter LTD https:\/\/vimeo.com\/311859158?embedded=true&#038;source=vimeo_logo&#038;owner=29865773 LTD live at SOLIDAYS\u00a0from\u00a0F\u00e9d\u00e9ration Eifeil\u00a0on\u00a0Vimeo. Retour en images sur [&hellip;]<\/p>\n","protected":false},"author":1,"featured_media":0,"parent":0,"menu_order":0,"comment_status":"closed","ping_status":"closed","template":"","meta":{"footnotes":""},"class_list":["post-255","page","type-page","status-publish","hentry"],"yoast_head":"<!-- This site is optimized with the Yoast SEO plugin v25.3.1 - https:\/\/yoast.com\/wordpress\/plugins\/seo\/ -->\n<title>LTD<\/title>\n<meta name=\"description\" content=\"LTD artiste chez Scherzo production, soci\u00e9t\u00e9 d&#039;\u00e9dition, de production de musique enregistr\u00e9e et de spectacles vivants fond\u00e9e en 1994.\" \/>\n<meta name=\"robots\" content=\"index, follow, max-snippet:-1, max-image-preview:large, max-video-preview:-1\" \/>\n<link rel=\"canonical\" href=\"https:\/\/scherzo-production.com\/index.php\/ltd\/\" \/>\n<meta property=\"og:locale\" content=\"fr_FR\" \/>\n<meta property=\"og:type\" content=\"article\" \/>\n<meta property=\"og:title\" content=\"LTD\" \/>\n<meta property=\"og:description\" content=\"LTD artiste chez Scherzo production, soci\u00e9t\u00e9 d&#039;\u00e9dition, de production de musique enregistr\u00e9e et de spectacles vivants fond\u00e9e en 1994.\" \/>\n<meta property=\"og:url\" content=\"https:\/\/scherzo-production.com\/index.php\/ltd\/\" \/>\n<meta property=\"og:site_name\" content=\"Scherzo Production\" \/>\n<meta property=\"article:modified_time\" content=\"2023-03-28T15:36:08+00:00\" \/>\n<meta property=\"og:image\" content=\"http:\/\/scherzo-production.com\/wp-content\/uploads\/2023\/03\/38392286_1980589335313996_7729942600148320256_n-768x512.jpeg\" \/>\n<meta name=\"twitter:card\" content=\"summary_large_image\" \/>\n<meta name=\"twitter:label1\" content=\"Dur\u00e9e de lecture estim\u00e9e\" \/>\n\t<meta name=\"twitter:data1\" content=\"1 minute\" \/>\n<script type=\"application\/ld+json\" class=\"yoast-schema-graph\">{\"@context\":\"https:\/\/schema.org\",\"@graph\":[{\"@type\":\"WebPage\",\"@id\":\"https:\/\/scherzo-production.com\/index.php\/ltd\/\",\"url\":\"https:\/\/scherzo-production.com\/index.php\/ltd\/\",\"name\":\"LTD\",\"isPartOf\":{\"@id\":\"https:\/\/scherzo-production.com\/#website\"},\"primaryImageOfPage\":{\"@id\":\"https:\/\/scherzo-production.com\/index.php\/ltd\/#primaryimage\"},\"image\":{\"@id\":\"https:\/\/scherzo-production.com\/index.php\/ltd\/#primaryimage\"},\"thumbnailUrl\":\"http:\/\/scherzo-production.com\/wp-content\/uploads\/2023\/03\/38392286_1980589335313996_7729942600148320256_n-768x512.jpeg\",\"datePublished\":\"2022-12-13T14:08:53+00:00\",\"dateModified\":\"2023-03-28T15:36:08+00:00\",\"description\":\"LTD artiste chez Scherzo production, soci\u00e9t\u00e9 d'\u00e9dition, de production de musique enregistr\u00e9e et de spectacles vivants fond\u00e9e en 1994.\",\"breadcrumb\":{\"@id\":\"https:\/\/scherzo-production.com\/index.php\/ltd\/#breadcrumb\"},\"inLanguage\":\"fr-FR\",\"potentialAction\":[{\"@type\":\"ReadAction\",\"target\":[\"https:\/\/scherzo-production.com\/index.php\/ltd\/\"]}]},{\"@type\":\"ImageObject\",\"inLanguage\":\"fr-FR\",\"@id\":\"https:\/\/scherzo-production.com\/index.php\/ltd\/#primaryimage\",\"url\":\"http:\/\/scherzo-production.com\/wp-content\/uploads\/2023\/03\/38392286_1980589335313996_7729942600148320256_n-768x512.jpeg\",\"contentUrl\":\"http:\/\/scherzo-production.com\/wp-content\/uploads\/2023\/03\/38392286_1980589335313996_7729942600148320256_n-768x512.jpeg\"},{\"@type\":\"BreadcrumbList\",\"@id\":\"https:\/\/scherzo-production.com\/index.php\/ltd\/#breadcrumb\",\"itemListElement\":[{\"@type\":\"ListItem\",\"position\":1,\"name\":\"Accueil\",\"item\":\"https:\/\/scherzo-production.com\/\"},{\"@type\":\"ListItem\",\"position\":2,\"name\":\"LTD\"}]},{\"@type\":\"WebSite\",\"@id\":\"https:\/\/scherzo-production.com\/#website\",\"url\":\"https:\/\/scherzo-production.com\/\",\"name\":\"Scherzo Production\",\"description\":\"Soci\u00e9t\u00e9 d&#039;\u00e9dition musicale\",\"potentialAction\":[{\"@type\":\"SearchAction\",\"target\":{\"@type\":\"EntryPoint\",\"urlTemplate\":\"https:\/\/scherzo-production.com\/?s={search_term_string}\"},\"query-input\":{\"@type\":\"PropertyValueSpecification\",\"valueRequired\":true,\"valueName\":\"search_term_string\"}}],\"inLanguage\":\"fr-FR\"}]}<\/script>\n<!-- \/ Yoast SEO plugin. -->","yoast_head_json":{"title":"LTD","description":"LTD artiste chez Scherzo production, soci\u00e9t\u00e9 d'\u00e9dition, de production de musique enregistr\u00e9e et de spectacles vivants fond\u00e9e en 1994.","robots":{"index":"index","follow":"follow","max-snippet":"max-snippet:-1","max-image-preview":"max-image-preview:large","max-video-preview":"max-video-preview:-1"},"canonical":"https:\/\/scherzo-production.com\/index.php\/ltd\/","og_locale":"fr_FR","og_type":"article","og_title":"LTD","og_description":"LTD artiste chez Scherzo production, soci\u00e9t\u00e9 d'\u00e9dition, de production de musique enregistr\u00e9e et de spectacles vivants fond\u00e9e en 1994.","og_url":"https:\/\/scherzo-production.com\/index.php\/ltd\/","og_site_name":"Scherzo Production","article_modified_time":"2023-03-28T15:36:08+00:00","og_image":[{"url":"http:\/\/scherzo-production.com\/wp-content\/uploads\/2023\/03\/38392286_1980589335313996_7729942600148320256_n-768x512.jpeg","type":"","width":"","height":""}],"twitter_card":"summary_large_image","twitter_misc":{"Dur\u00e9e de lecture estim\u00e9e":"1 minute"},"schema":{"@context":"https:\/\/schema.org","@graph":[{"@type":"WebPage","@id":"https:\/\/scherzo-production.com\/index.php\/ltd\/","url":"https:\/\/scherzo-production.com\/index.php\/ltd\/","name":"LTD","isPartOf":{"@id":"https:\/\/scherzo-production.com\/#website"},"primaryImageOfPage":{"@id":"https:\/\/scherzo-production.com\/index.php\/ltd\/#primaryimage"},"image":{"@id":"https:\/\/scherzo-production.com\/index.php\/ltd\/#primaryimage"},"thumbnailUrl":"http:\/\/scherzo-production.com\/wp-content\/uploads\/2023\/03\/38392286_1980589335313996_7729942600148320256_n-768x512.jpeg","datePublished":"2022-12-13T14:08:53+00:00","dateModified":"2023-03-28T15:36:08+00:00","description":"LTD artiste chez Scherzo production, soci\u00e9t\u00e9 d'\u00e9dition, de production de musique enregistr\u00e9e et de spectacles vivants fond\u00e9e en 1994.","breadcrumb":{"@id":"https:\/\/scherzo-production.com\/index.php\/ltd\/#breadcrumb"},"inLanguage":"fr-FR","potentialAction":[{"@type":"ReadAction","target":["https:\/\/scherzo-production.com\/index.php\/ltd\/"]}]},{"@type":"ImageObject","inLanguage":"fr-FR","@id":"https:\/\/scherzo-production.com\/index.php\/ltd\/#primaryimage","url":"http:\/\/scherzo-production.com\/wp-content\/uploads\/2023\/03\/38392286_1980589335313996_7729942600148320256_n-768x512.jpeg","contentUrl":"http:\/\/scherzo-production.com\/wp-content\/uploads\/2023\/03\/38392286_1980589335313996_7729942600148320256_n-768x512.jpeg"},{"@type":"BreadcrumbList","@id":"https:\/\/scherzo-production.com\/index.php\/ltd\/#breadcrumb","itemListElement":[{"@type":"ListItem","position":1,"name":"Accueil","item":"https:\/\/scherzo-production.com\/"},{"@type":"ListItem","position":2,"name":"LTD"}]},{"@type":"WebSite","@id":"https:\/\/scherzo-production.com\/#website","url":"https:\/\/scherzo-production.com\/","name":"Scherzo Production","description":"Soci\u00e9t\u00e9 d&#039;\u00e9dition musicale","potentialAction":[{"@type":"SearchAction","target":{"@type":"EntryPoint","urlTemplate":"https:\/\/scherzo-production.com\/?s={search_term_string}"},"query-input":{"@type":"PropertyValueSpecification","valueRequired":true,"valueName":"search_term_string"}}],"inLanguage":"fr-FR"}]}},"_links":{"self":[{"href":"https:\/\/scherzo-production.com\/index.php\/wp-json\/wp\/v2\/pages\/255","targetHints":{"allow":["GET"]}}],"collection":[{"href":"https:\/\/scherzo-production.com\/index.php\/wp-json\/wp\/v2\/pages"}],"about":[{"href":"https:\/\/scherzo-production.com\/index.php\/wp-json\/wp\/v2\/types\/page"}],"author":[{"embeddable":true,"href":"https:\/\/scherzo-production.com\/index.php\/wp-json\/wp\/v2\/users\/1"}],"replies":[{"embeddable":true,"href":"https:\/\/scherzo-production.com\/index.php\/wp-json\/wp\/v2\/comments?post=255"}],"version-history":[{"count":29,"href":"https:\/\/scherzo-production.com\/index.php\/wp-json\/wp\/v2\/pages\/255\/revisions"}],"predecessor-version":[{"id":762,"href":"https:\/\/scherzo-production.com\/index.php\/wp-json\/wp\/v2\/pages\/255\/revisions\/762"}],"wp:attachment":[{"href":"https:\/\/scherzo-production.com\/index.php\/wp-json\/wp\/v2\/media?parent=255"}],"curies":[{"name":"wp","href":"https:\/\/api.w.org\/{rel}","templated":true}]}}